{"id":2,"date":"2017-07-13T08:21:04","date_gmt":"2017-07-13T08:21:04","guid":{"rendered":"http:\/\/logicables.com\/?page_id=2"},"modified":"2018-01-10T10:53:16","modified_gmt":"2018-01-10T10:53:16","slug":"about","status":"publish","type":"page","link":"https:\/\/logicables.com\/de\/about\/","title":{"rendered":"About"},"content":{"rendered":"<h2>Ich k\u00f6nnte dir erz\u00e4hlen <strong>WER ICH BIN, WAS ICH MACHE<\/strong> und <strong>WOHER ICH KOMME<\/strong>\u2026 aber all das w\u00fcrde dich nicht wirklich interessieren, au\u00dfer den Dingen, die wir gemeinsam haben, genauer gesagt <strong>DIE WELT DER KABEL.<\/strong><\/h2>\n<p><img class=\"wp-image-99 size-medium alignleft\" src=\"http:\/\/logicables.com\/wp-content\/uploads\/2017\/07\/4016961974_494c1bd997_z-300x201.jpg\" alt=\"\" width=\"300\" height=\"201\" \/>Deshalb erz\u00e4hle ich dir eine kurze Geschichte, die sich vor mehr als 17 Jahren tats\u00e4chlich zugetragen hat.<\/p>\n<p>Damals war ich in Rum\u00e4nien, wo ich <strong>EINFACH NUR VESPAS VERKAUFEN WOLLTE<\/strong>\u2026 ja, genau! Die ber\u00fchmten Motorroller der Firma Piaggio; ich war Area Manager der Osteurop\u00e4ischen L\u00e4nder und w\u00e4hrend einer Reise, mit meinem Freund Florin, die dazu dienen sollte dort ein Verkaufsnetz in der Fahrzeugbranche aufzubauen, besuchte ich eine Firma, die zu einer gro\u00dfen Firmengruppe geh\u00f6rte; diese Firma produzierte KABEL, f\u00fcr den Haushaltsbereich aber eben auch f\u00fcr den Fahrzeugbau und Kabelb\u00e4ume, tats\u00e4chlich waren sie auch Lieferanten der Firma bei der ich damals arbeite.<\/p>\n<p>Niemals h\u00e4tte ich gedacht, dass ich ein paar Jahre sp\u00e4ter <strong>VERKAUFSLEITER<\/strong> eben dieser Firma \u2013 die enormes Potential besitzt aber schwierig zu managen ist \u2013 werden w\u00fcrde; eine Herausforderung, die ich angenommen habe ohne viel nachzudenken.<\/p>\n<p>Diese Erfahrung ist jedoch eine der sch\u00f6nsten und bereicherndsten meines Lebens, ich hatte die M\u00f6glichkeit in eine neue Welt einzutauchen, wie ein kleiner Junge in einem Spielzeugladen.<\/p>\n<p>Ich hatte Gelegenheit Lieferanten von Maschinen, Komponenten und Materialien zu treffen, am Bau einer Produktionsst\u00e4tte mitzuwirken und viele Kollegen und Partner aus der Fahrzeugbranche kennenzulernen, aber vor allem habe ich Menschen in ganz Europa kennengelernt, die heute zu Freunden und Kunden geworden sind. An erster Stelle stehen die Jungs von Bosch Power Tools and Automotive und von Delphi, denen ich wirklich viel zu verdanken habe, da sie mich in die Welt der Kabel eingef\u00fchrt haben; aber ich muss auch einem Freund meine Wertsch\u00e4tzung und meinen Dank aussprechen &#8211; dem CEO eines gro\u00dfen Kabelherstellers &#8211; den ich aus Gr\u00fcnden der Vertraulichkeit nicht beim Namen nenne und durch den ich, im lang zur\u00fcckliegenden Jahr 2001, diese Branche kennengelernt habe.<\/p>\n<p>Wei\u00dft du, ich habe vor kurzem ein Buch mit dem Titel \u201cDie Prophezeiungen von Celestine\u201d gelesen, von vielen Lesern geliebt und gehasst, das aber 20 Millionen Mal verkauft worden &#8211; und in 34 Sprachen \u00fcbersetzt worden &#8211; ist. Solltest du es noch nicht gelesen haben, rate ich dir das zu tun, denn man k\u00f6nnte sagen, dass dieses Buch die Metapher meine Lebenserfahrung in der Welt der Kabel beschreibt, wahrscheinlich beschreibt es in gewisser Weise unser aller Lebensweg.<\/p>\n<p>Ganz \u00e4hnlich wie im Buch &#8211; also und dank eines gl\u00fccklichen Zufalls &#8211; habe ich 1999 die Herren Zoltan und Michele getroffen, die mich Herrn Graziano vorstellt haben, der mich wiederum mit Herrn Marco bekannt gemacht hat und immer weiter bis zum heutigen Tag; tats\u00e4chlich ist das die Geschichte meines beruflichen Werdegangs, der sich in der Welt der Kabel gestaltet hat und noch gestaltet.<\/p>\n<p>Seit damals ist viel Zeit vergangen und heute verbringe ich meine Tage zu 100% in dieser Welt aus Polymeren, Widerst\u00e4nden, Kupfer, Elektrizit\u00e4t aber vor allem mit der Suche nach den jeweils besten L\u00f6sungen f\u00fcr meine Mitarbeiter und Gesch\u00e4ftspartner.<\/p>\n<p>Die Themen jedoch, die mir am besten gefallen und mich am meisten interessieren, sind interkulturelle Verbindungen, Verhandlungsf\u00fchrung, Management und internationale Unternehmensf\u00fchrung, \u00fcber die ich, Ende der 90-ziger Jahre, meine Diplomarbeit geschrieben habe; aber mich interessieren auch die Ratschl\u00e4ge, die aus den Reihen der Personen und Firmen kommen, die Teil dieser Welt sind.<\/p>\n<h3><strong><a href=\"http:\/\/logicables.com\/wp-content\/uploads\/2017\/07\/south-bay-cable.jpg\"><img class=\"wp-image-102 size-medium alignleft\" src=\"http:\/\/logicables.com\/wp-content\/uploads\/2017\/07\/south-bay-cable-300x224.jpg\" alt=\"\" width=\"300\" height=\"224\" \/><\/a><\/strong><\/h3>\n<h3><strong>Und jetzt? Wirst du dich fragen\u2026 und LOGICABLES?<\/strong><\/h3>\n<p>Nun ja, <strong>LOGICABLES<\/strong> entsteht aus einer meiner Ideen, aus einem Projekt, meinem BLOG, ja, ausgerechnet ich fange an zu schreiben, obwohl es mir in meiner Schulzeit auf dem Gymnasium nicht gefallen hat auf Italienisch zu schreiben, geschweige denn auf Englisch oder Deutsch.<\/p>\n<p><strong>LOGICABLES<\/strong>, ebenso wie ich selbst nat\u00fcrlich, soll Zeit und Raum schaffen um Ideen von Personen, Leadern und Fachm\u00e4nnern zu f\u00f6rdern, die ich kennengelernt habe und die ich f\u00fcr in dieser Branche wirklich herausragende Pers\u00f6nlichkeiten halte, Personen von denen man lernen sollte, seien es nun Eink\u00e4ufer, Manager, Unternehmer oder Techniker\u2026 Personen mit denen ich, unabh\u00e4ngig von unseren Gesch\u00e4ften, in Kontakt bleiben m\u00f6chte, denen ich den bestm\u00f6glichen Service bieten m\u00f6chte und von denen ich sehr, sehr viel berufliches Wissen, aber auch Lebenserfahrung zur\u00fcck bekomme. Vor allem will LOGICABLES also \u00fcber Firmenmanagement, Vertrieb und Produktion von Kabeln informieren.<\/p>\n<p><strong>LOGICABLES<\/strong> entsteht aus der Idee, eine Plattform zu schaffen, wo sich all meine Freunde und die unz\u00e4hligen potentiellen Kunden, beziehungsweise, alle Menschen, die Teil \u201emeiner\u201c Welt der Kabel sind und die, ebenso wie ich, eine Leidenschaft f\u00fcr eben diese Kabel haben, ohne sich dabei auf technischen Firlefanz zu konzentrieren, die also mit Kabeln Verbunden oder \u201eCONNECTED\u201c sind, treffen k\u00f6nnen. Ganz \u00e4hnlich wie der nun schon ein paar Jahre alte Werbeslogan von Nokia deklamierte: CONNECTING PEOPLE.<\/p>\n<p>Zum Schluss m\u00f6chte ich meinen israelischen Professor von der Universit\u00e4t von Tel Aviv zitieren, Herrn Boaz Roenen, der mich w\u00e4hrend meines MBA Studiums in Unternehmensf\u00fchrung an der Universit\u00e4t Bocconi in Mailand im Jahr 2004 an die Theory of Constrains (TOC) herangef\u00fchrt hat, eine Theorie die sich in unserer Welt der Kabel als sehr wertvoll erweist, um die Produktivit\u00e4t zu steigern, die Lead Times zu verk\u00fcrzen und sich auf die echten Value Drives der jeweiligen Firma zu konzentrieren; Herr Roenen sagte damals zu uns einfachen Studenten: \u201eMeine Herren, Sie k\u00f6nnen die besten F\u00fchrungstechniken oder Techniken des Supply Managements erlernen, in den besten Schulen der Welt, aber ehrlich gesagt ist die allerbeste Universit\u00e4t das Leben selbst!\u201c; und in der Welt der Kabel &#8211; f\u00fcge ich hinzu &#8211; ist Erfahrung wirklich wichtig, deshalb <strong>GO BEYOND CABLES!<\/strong><\/p>\n<p>&nbsp;<\/p>\n","protected":false},"excerpt":{"rendered":"<p>Ich k\u00f6nnte dir erz\u00e4hlen WER ICH BIN, WAS ICH MACHE und WOHER ICH KOMME\u2026 aber all das w\u00fcrde dich nicht wirklich interessieren, au\u00dfer den Dingen, die wir gemeinsam haben, genauer gesagt DIE WELT DER KABEL. Deshalb erz\u00e4hle ich dir eine kurze Geschichte, die sich vor mehr als 17 Jahren tats\u00e4chlich zugetragen hat. Damals war ich [&hellip;]<\/p>\n","protected":false},"author":1,"featured_media":0,"parent":0,"menu_order":0,"comment_status":"open","ping_status":"open","template":"","meta":[],"yoast_head":"<!-- This site is optimized with the Yoast SEO plugin v17.8 - https:\/\/yoast.com\/wordpress\/plugins\/seo\/ -->\n<title>About - Logicables<\/title>\n<meta name=\"robots\" content=\"index, follow, max-snippet:-1, max-image-preview:large, max-video-preview:-1\" \/>\n<link rel=\"canonical\" href=\"https:\/\/logicables.com\/de\/about\/\" \/>\n<meta property=\"og:locale\" content=\"de_DE\" \/>\n<meta property=\"og:type\" content=\"article\" \/>\n<meta property=\"og:title\" content=\"About\" \/>\n<meta property=\"og:description\" content=\"Ich k\u00f6nnte dir erz\u00e4hlen WER ICH BIN, WAS ICH MACHE und WOHER ICH KOMME\u2026 aber all das w\u00fcrde dich nicht wirklich interessieren, au\u00dfer den Dingen, die wir gemeinsam haben, genauer gesagt DIE WELT DER KABEL. Deshalb erz\u00e4hle ich dir eine kurze Geschichte, die sich vor mehr als 17 Jahren tats\u00e4chlich zugetragen hat. Damals war ich [&hellip;]\" \/>\n<meta property=\"og:url\" content=\"https:\/\/logicables.com\/de\/about\/\" \/>\n<meta property=\"og:site_name\" content=\"Logicables\" \/>\n<meta property=\"article:modified_time\" content=\"2018-01-10T10:53:16+00:00\" \/>\n<meta property=\"og:image\" content=\"http:\/\/logicables.com\/wp-content\/uploads\/2017\/07\/4016961974_494c1bd997_z-300x201.jpg\" \/>\n<meta name=\"twitter:card\" content=\"summary_large_image\" \/>\n<meta name=\"twitter:label1\" content=\"Gesch\u00e4tzte Lesezeit\" \/>\n\t<meta name=\"twitter:data1\" content=\"14\u00a0Minuten\" \/>\n<script type=\"application\/ld+json\" class=\"yoast-schema-graph\">{\"@context\":\"https:\/\/schema.org\",\"@graph\":[{\"@type\":\"WebSite\",\"@id\":\"https:\/\/logicables.com\/de\/#website\",\"url\":\"https:\/\/logicables.com\/de\/\",\"name\":\"Logicables\",\"description\":\"Go Beyond Cables\",\"potentialAction\":[{\"@type\":\"SearchAction\",\"target\":{\"@type\":\"EntryPoint\",\"urlTemplate\":\"https:\/\/logicables.com\/de\/?s={search_term_string}\"},\"query-input\":\"required name=search_term_string\"}],\"inLanguage\":\"de-DE\"},{\"@type\":\"ImageObject\",\"@id\":\"https:\/\/logicables.com\/de\/about\/#primaryimage\",\"inLanguage\":\"de-DE\",\"url\":\"http:\/\/logicables.com\/wp-content\/uploads\/2017\/07\/4016961974_494c1bd997_z-300x201.jpg\",\"contentUrl\":\"http:\/\/logicables.com\/wp-content\/uploads\/2017\/07\/4016961974_494c1bd997_z-300x201.jpg\"},{\"@type\":\"WebPage\",\"@id\":\"https:\/\/logicables.com\/de\/about\/#webpage\",\"url\":\"https:\/\/logicables.com\/de\/about\/\",\"name\":\"[:en]About[:de]About[:it]Volevo solo vendere Vespe[:] - Logicables\",\"isPartOf\":{\"@id\":\"https:\/\/logicables.com\/de\/#website\"},\"primaryImageOfPage\":{\"@id\":\"https:\/\/logicables.com\/de\/about\/#primaryimage\"},\"datePublished\":\"2017-07-13T08:21:04+00:00\",\"dateModified\":\"2018-01-10T10:53:16+00:00\",\"breadcrumb\":{\"@id\":\"https:\/\/logicables.com\/de\/about\/#breadcrumb\"},\"inLanguage\":\"de-DE\",\"potentialAction\":[{\"@type\":\"ReadAction\",\"target\":[\"https:\/\/logicables.com\/de\/about\/\"]}]},{\"@type\":\"BreadcrumbList\",\"@id\":\"https:\/\/logicables.com\/de\/about\/#breadcrumb\",\"itemListElement\":[{\"@type\":\"ListItem\",\"position\":1,\"name\":\"Home\",\"item\":\"https:\/\/logicables.com\/de\/\"},{\"@type\":\"ListItem\",\"position\":2,\"name\":\"About\"}]}]}<\/script>\n<!-- \/ Yoast SEO plugin. -->","yoast_head_json":{"title":"About - Logicables","robots":{"index":"index","follow":"follow","max-snippet":"max-snippet:-1","max-image-preview":"max-image-preview:large","max-video-preview":"max-video-preview:-1"},"canonical":"https:\/\/logicables.com\/de\/about\/","og_locale":"de_DE","og_type":"article","og_title":"[:en]About[:de]About[:it]Volevo solo vendere Vespe[:] - Logicables","og_description":"Ich k\u00f6nnte dir erz\u00e4hlen WER ICH BIN, WAS ICH MACHE und WOHER ICH KOMME\u2026 aber all das w\u00fcrde dich nicht wirklich interessieren, au\u00dfer den Dingen, die wir gemeinsam haben, genauer gesagt DIE WELT DER KABEL. Deshalb erz\u00e4hle ich dir eine kurze Geschichte, die sich vor mehr als 17 Jahren tats\u00e4chlich zugetragen hat. Damals war ich [&hellip;]","og_url":"https:\/\/logicables.com\/de\/about\/","og_site_name":"Logicables","article_modified_time":"2018-01-10T10:53:16+00:00","og_image":[{"url":"http:\/\/logicables.com\/wp-content\/uploads\/2017\/07\/4016961974_494c1bd997_z-300x201.jpg"}],"twitter_card":"summary_large_image","twitter_misc":{"Gesch\u00e4tzte Lesezeit":"14\u00a0Minuten"},"schema":{"@context":"https:\/\/schema.org","@graph":[{"@type":"WebSite","@id":"https:\/\/logicables.com\/de\/#website","url":"https:\/\/logicables.com\/de\/","name":"Logicables","description":"Go Beyond Cables","potentialAction":[{"@type":"SearchAction","target":{"@type":"EntryPoint","urlTemplate":"https:\/\/logicables.com\/de\/?s={search_term_string}"},"query-input":"required name=search_term_string"}],"inLanguage":"de-DE"},{"@type":"ImageObject","@id":"https:\/\/logicables.com\/de\/about\/#primaryimage","inLanguage":"de-DE","url":"http:\/\/logicables.com\/wp-content\/uploads\/2017\/07\/4016961974_494c1bd997_z-300x201.jpg","contentUrl":"http:\/\/logicables.com\/wp-content\/uploads\/2017\/07\/4016961974_494c1bd997_z-300x201.jpg"},{"@type":"WebPage","@id":"https:\/\/logicables.com\/de\/about\/#webpage","url":"https:\/\/logicables.com\/de\/about\/","name":"[:en]About[:de]About[:it]Volevo solo vendere Vespe[:] - Logicables","isPartOf":{"@id":"https:\/\/logicables.com\/de\/#website"},"primaryImageOfPage":{"@id":"https:\/\/logicables.com\/de\/about\/#primaryimage"},"datePublished":"2017-07-13T08:21:04+00:00","dateModified":"2018-01-10T10:53:16+00:00","breadcrumb":{"@id":"https:\/\/logicables.com\/de\/about\/#breadcrumb"},"inLanguage":"de-DE","potentialAction":[{"@type":"ReadAction","target":["https:\/\/logicables.com\/de\/about\/"]}]},{"@type":"BreadcrumbList","@id":"https:\/\/logicables.com\/de\/about\/#breadcrumb","itemListElement":[{"@type":"ListItem","position":1,"name":"Home","item":"https:\/\/logicables.com\/de\/"},{"@type":"ListItem","position":2,"name":"About"}]}]}},"_links":{"self":[{"href":"https:\/\/logicables.com\/de\/wp-json\/wp\/v2\/pages\/2"}],"collection":[{"href":"https:\/\/logicables.com\/de\/wp-json\/wp\/v2\/pages"}],"about":[{"href":"https:\/\/logicables.com\/de\/wp-json\/wp\/v2\/types\/page"}],"author":[{"embeddable":true,"href":"https:\/\/logicables.com\/de\/wp-json\/wp\/v2\/users\/1"}],"replies":[{"embeddable":true,"href":"https:\/\/logicables.com\/de\/wp-json\/wp\/v2\/comments?post=2"}],"version-history":[{"count":24,"href":"https:\/\/logicables.com\/de\/wp-json\/wp\/v2\/pages\/2\/revisions"}],"predecessor-version":[{"id":132,"href":"https:\/\/logicables.com\/de\/wp-json\/wp\/v2\/pages\/2\/revisions\/132"}],"wp:attachment":[{"href":"https:\/\/logicables.com\/de\/wp-json\/wp\/v2\/media?parent=2"}],"curies":[{"name":"wp","href":"https:\/\/api.w.org\/{rel}","templated":true}]}}